{"id":10,"date":"2021-10-11T09:16:47","date_gmt":"2021-10-11T09:16:47","guid":{"rendered":"https:\/\/modernblocks.liquid-themes.com\/elementor\/?page_id=10"},"modified":"2023-09-05T16:45:48","modified_gmt":"2023-09-05T16:45:48","slug":"accueil","status":"publish","type":"page","link":"https:\/\/arabiriis.com\/en\/","title":{"rendered":"Accueil"},"content":{"rendered":"<div data-elementor-type=\"wp-page\" data-elementor-id=\"10\" class=\"elementor elementor-10\">\n\t\t\t\t\t\t\t\t\t<section class=\"elementor-section elementor-top-section elementor-element elementor-element-57af84e elementor-section-full_width elementor-section-height-min-height elementor-section-height-default elementor-section-items-middle\" data-id=\"57af84e\" data-element_type=\"section\">\n\t\t\t\t\t\t<div class=\"elementor-container elementor-column-gap-no\">\n\t\t\t\t\t<div class=\"elementor-column elementor-col-100 elementor-top-column elementor-element elementor-element-03d44c5\" data-id=\"03d44c5\" data-element_type=\"column\">\n\t\t\t<div class=\"elementor-widget-wrap elementor-element-populated\">\n\t\t\t\t\t\t\t\t<div class=\"elementor-element elementor-element-41420c8 elementor-widget elementor-widget-ld_animated_frame\" data-id=\"41420c8\" data-element_type=\"widget\" data-widget_type=\"ld_animated_frame.default\">\n\t\t\t\t<div class=\"elementor-widget-container\">\n\t\t\t\t\t<div class=\"lqd-af w-100 h-vh-100 pos-rel overflow-hidden\" data-liquid-animatedframes=\"true\"  data-af-options='{\"scrollable\":true,\"forceDisablingWindowScroll\":true}'>\n\t\t\t<div class=\"lqd-af-slides lqd-overlay\">\n\n\t\t\t\t\t\t\t\n\t\t\t\t<div class=\"lqd-af-slide d-flex flex-column align-items-center justify-content-center lqd-overlay overflow-hidden elementor-repeater-item-11f8bb1\">\n\t\t\n\t\t\t\t\t<div class=\"lqd-af-slide__img lqd-overlay overflow-hidden will-change-transform\">\n\t\t\t\t\t\t<div class=\"lqd-af-slide__img__inner w-100 h-100 overflow-hidden will-change-transform\">\n\t\t\t\t\t\t\t<figure class=\"w-100 h-100 overflow-hidden will-change-transform\"><img decoding=\"async\" class=\"w-100 h-100 objfit-cover objpos-center\" src=\"http:\/\/arabiriis.com\/wp-content\/uploads\/2023\/08\/arabiriis-smsMkt.jpg\" alt=\"SMS\" \/><span class=\"lqd-overlay\"><\/span><\/figure>\t\t\t\t\t\t\t<span class=\"lqd-overlay liquid-overlay-link\"><\/span>\n\t\t\t\t\t\t<\/div>\n\t\t\t\t\t<\/div>\n\n\t\t\t\t\t<div class=\"lqd-af-slide__content w-100 pos-rel z-index-5\">\n\t\t\t\t\t\t<h2 class=\"lqd-af-slide__title d-flex flex-wrap pos-rel\" data-split-text=\"true\" data-split-options='{ \"type\": \"lines\" }'>SMS<\/h2><p class=\"lqd-af-slide__desc pos-rel\" data-split-text=\"true\" data-split-options='{ \"type\": \"lines\" }'>Send and receive SMS messages in Mali and Africa thanks to our platform connected directly to operators.<\/p>\t\t\t\t\t\t<div class=\"lqd-af-slide__link\">\n\t\t\t\t\t\t\t\t\t\t<a href=\"https:\/\/arabiriis.com\/en\/portfolio\/sms\/\" class=\"btn btn-naked\">\n\t\t\t\t<span>\n\t\t\t\t\t<span class=\"btn-txt\">DISCOVER THIS PRODUCT<\/span>\n\t\t\t\t\t<span class=\"btn-icon\">\n\t\t\t\t\t\t<svg xmlns=\"http:\/\/www.w3.org\/2000\/svg\" width=\"32\" height=\"32\" viewbox=\"0 0 32 32\" style=\"height: 1em;\"><path fill=\"currentColor\" d=\"M17.806 25.788l8.631-8.375c.375-.363.563-.857.563-1.4v-.025c0-.544-.188-1.038-.563-1.4l-8.63-8.375c-.75-.782-1.957-.782-2.7 0s-.745 2.043 0 2.825L20.293 14H6.919C5.856 14 5 14.894 5 16c0 1.125.856 2 1.912 2h13.375L15.1 22.963a2.067 2.067 0 0 0 0 2.824c.75.782 1.956.782 2.706 0z\"><\/path><\/svg>\n\t\t\t\t\t<\/span>\n\t\t\t\t<\/span>\n\t\t\t<\/a>\n\t\t\t\t\t\t\t\t<\/div>\n\t\t\t\t\t\t<!-- for custom cursor arrow -->\n\t\t\t\t\t\t\t\t\t\t\t\t\t<a href=\"https:\/\/arabiriis.com\/en\/portfolio\/sms\/\" class=\"lqd-overlay z-index-5\"><\/a>\n\t\t\t\t\t\t\t\t\t\t\t<\/div>\n\n\t\t\t\t\t\t\t\t\t\t\t<a href=\"https:\/\/arabiriis.com\/en\/portfolio\/sms\/\" class=\"lqd-overlay z-index-4\"><\/a>\n\t\t\t\t\t\t\t\t\t\t\n\t\t\t\t<\/div>\n\t\t\t\t\n\t\t\t\t\t\t\t\t\n\t\t\t\t<div class=\"lqd-af-slide d-flex flex-column align-items-center justify-content-center lqd-overlay overflow-hidden elementor-repeater-item-8369128\">\n\t\t\n\t\t\t\t\t<div class=\"lqd-af-slide__img lqd-overlay overflow-hidden will-change-transform\">\n\t\t\t\t\t\t<div class=\"lqd-af-slide__img__inner w-100 h-100 overflow-hidden will-change-transform\">\n\t\t\t\t\t\t\t<figure class=\"w-100 h-100 overflow-hidden will-change-transform\">\n\t\t\t\t\t\t<div class=\"lqd-vbg-wrap\">\n\t\t\t\t\t\t\t<div class=\"lqd-vbg-inner\">\n\t\t\t\t\t\t\t\t<span class=\"lqd-vbg-loader\"><\/span>\n\t\t\t\t\t\t\t\t<div\n\t\t\t\t\t\t\t\t\tclass=\"lqd-vbg-video\"\n\t\t\t\t\t\t\t\t\tdata-video-bg=\"true\"\n\t\t\t\t\t\t\t\t\tdata-youtube-options='{\t\t\t\t\t\t\t\t\t\t\"videoURL\": \"https:\/\/www.youtube.com\/watch?v=b15s2ff4510\",\t\t\t\t\t\t\t\t\t\t\"startAt\": 3,\t\t\t\t\t\t\t\t\t\t\"stopAt\": \"21\"\t\t\t\t\t\t\t\t\t}'\n\t\t\t\t\t\t\t\t><\/div>\n\t\t\t\t\t\t\t<\/div>\n\t\t\t\t\t\t<\/div>\n\t\t\t\t\t<\/figure>\t\t\t\t\t\t\t<span class=\"lqd-overlay liquid-overlay-link\"><\/span>\n\t\t\t\t\t\t<\/div>\n\t\t\t\t\t<\/div>\n\n\t\t\t\t\t<div class=\"lqd-af-slide__content w-100 pos-rel z-index-5\">\n\t\t\t\t\t\t<h2 class=\"lqd-af-slide__title d-flex flex-wrap pos-rel\" data-split-text=\"true\" data-split-options='{ \"type\": \"lines\" }'>AIRTIME TOP<\/h2><p class=\"lqd-af-slide__desc pos-rel\" data-split-text=\"true\" data-split-options='{ \"type\": \"lines\" }'>buy for yourself or send telephone credit (any operator in Mali) to your family, friends and employees thanks to our innovative platform at unbeatable commission rates.<\/p>\t\t\t\t\t\t<div class=\"lqd-af-slide__link\">\n\t\t\t\t\t\t\t\t\t\t<a href=\"https:\/\/arabiriis.com\/en\/portfolio\/airtime-top\/\" class=\"btn btn-naked\">\n\t\t\t\t<span>\n\t\t\t\t\t<span class=\"btn-txt\">DISCOVER THIS PRODUCT<\/span>\n\t\t\t\t\t<span class=\"btn-icon\">\n\t\t\t\t\t\t<svg xmlns=\"http:\/\/www.w3.org\/2000\/svg\" width=\"32\" height=\"32\" viewbox=\"0 0 32 32\" style=\"height: 1em;\"><path fill=\"currentColor\" d=\"M17.806 25.788l8.631-8.375c.375-.363.563-.857.563-1.4v-.025c0-.544-.188-1.038-.563-1.4l-8.63-8.375c-.75-.782-1.957-.782-2.7 0s-.745 2.043 0 2.825L20.293 14H6.919C5.856 14 5 14.894 5 16c0 1.125.856 2 1.912 2h13.375L15.1 22.963a2.067 2.067 0 0 0 0 2.824c.75.782 1.956.782 2.706 0z\"><\/path><\/svg>\n\t\t\t\t\t<\/span>\n\t\t\t\t<\/span>\n\t\t\t<\/a>\n\t\t\t\t\t\t\t\t<\/div>\n\t\t\t\t\t\t<!-- for custom cursor arrow -->\n\t\t\t\t\t\t\t\t\t\t\t\t\t<a href=\"https:\/\/arabiriis.com\/en\/portfolio\/airtime-top\/\" class=\"lqd-overlay z-index-5\"><\/a>\n\t\t\t\t\t\t\t\t\t\t\t<\/div>\n\n\t\t\t\t\t\t\t\t\t\t\t<a href=\"https:\/\/arabiriis.com\/en\/portfolio\/airtime-top\/\" class=\"lqd-overlay z-index-4\"><\/a>\n\t\t\t\t\t\t\t\t\t\t\n\t\t\t\t<\/div>\n\t\t\t\t\n\t\t\t\t\t\t\t\t\n\t\t\t\t<div class=\"lqd-af-slide d-flex flex-column align-items-center justify-content-center lqd-overlay overflow-hidden elementor-repeater-item-e1f47a7\">\n\t\t\n\t\t\t\t\t<div class=\"lqd-af-slide__img lqd-overlay overflow-hidden will-change-transform\">\n\t\t\t\t\t\t<div class=\"lqd-af-slide__img__inner w-100 h-100 overflow-hidden will-change-transform\">\n\t\t\t\t\t\t\t<figure class=\"w-100 h-100 overflow-hidden will-change-transform\"><img decoding=\"async\" class=\"w-100 h-100 objfit-cover objpos-center\" src=\"http:\/\/arabiriis.com\/wp-content\/uploads\/2023\/08\/arabiriis-dataBumbles.jpg\" alt=\"DATA BUNDLES\" \/><span class=\"lqd-overlay\"><\/span><\/figure>\t\t\t\t\t\t\t<span class=\"lqd-overlay liquid-overlay-link\"><\/span>\n\t\t\t\t\t\t<\/div>\n\t\t\t\t\t<\/div>\n\n\t\t\t\t\t<div class=\"lqd-af-slide__content w-100 pos-rel z-index-5\">\n\t\t\t\t\t\t<h2 class=\"lqd-af-slide__title d-flex flex-wrap pos-rel\" data-split-text=\"true\" data-split-options='{ \"type\": \"lines\" }'>DATA BUNDLES<\/h2><p class=\"lqd-af-slide__desc pos-rel\" data-split-text=\"true\" data-split-options='{ \"type\": \"lines\" }'>Offer data packages (any operator in Mali) and in West Africa to your friends and family thanks to our fast and secure platform.<\/p>\t\t\t\t\t\t<div class=\"lqd-af-slide__link\">\n\t\t\t\t\t\t\t\t\t\t<a href=\"https:\/\/arabiriis.com\/en\/portfolio\/data-bundles\/\" class=\"btn btn-naked\">\n\t\t\t\t<span>\n\t\t\t\t\t<span class=\"btn-txt\">DISCOVER THIS PRODUCT<\/span>\n\t\t\t\t\t<span class=\"btn-icon\">\n\t\t\t\t\t\t<svg xmlns=\"http:\/\/www.w3.org\/2000\/svg\" width=\"32\" height=\"32\" viewbox=\"0 0 32 32\" style=\"height: 1em;\"><path fill=\"currentColor\" d=\"M17.806 25.788l8.631-8.375c.375-.363.563-.857.563-1.4v-.025c0-.544-.188-1.038-.563-1.4l-8.63-8.375c-.75-.782-1.957-.782-2.7 0s-.745 2.043 0 2.825L20.293 14H6.919C5.856 14 5 14.894 5 16c0 1.125.856 2 1.912 2h13.375L15.1 22.963a2.067 2.067 0 0 0 0 2.824c.75.782 1.956.782 2.706 0z\"><\/path><\/svg>\n\t\t\t\t\t<\/span>\n\t\t\t\t<\/span>\n\t\t\t<\/a>\n\t\t\t\t\t\t\t\t<\/div>\n\t\t\t\t\t\t<!-- for custom cursor arrow -->\n\t\t\t\t\t\t\t\t\t\t\t\t\t<a href=\"https:\/\/arabiriis.com\/en\/portfolio\/data-bundles\/\" class=\"lqd-overlay z-index-5\"><\/a>\n\t\t\t\t\t\t\t\t\t\t\t<\/div>\n\n\t\t\t\t\t\t\t\t\t\t\t<a href=\"https:\/\/arabiriis.com\/en\/portfolio\/data-bundles\/\" class=\"lqd-overlay z-index-4\"><\/a>\n\t\t\t\t\t\t\t\t\t\t\n\t\t\t\t<\/div>\n\t\t\t\t\n\t\t\t\t\t\t\t\t\n\t\t\t\t<div class=\"lqd-af-slide d-flex flex-column align-items-center justify-content-center lqd-overlay overflow-hidden elementor-repeater-item-34b7f97\">\n\t\t\n\t\t\t\t\t<div class=\"lqd-af-slide__img lqd-overlay overflow-hidden will-change-transform\">\n\t\t\t\t\t\t<div class=\"lqd-af-slide__img__inner w-100 h-100 overflow-hidden will-change-transform\">\n\t\t\t\t\t\t\t<figure class=\"w-100 h-100 overflow-hidden will-change-transform\"><img decoding=\"async\" class=\"w-100 h-100 objfit-cover objpos-center\" src=\"http:\/\/arabiriis.com\/wp-content\/uploads\/2023\/09\/E-1-1.png\" alt=\"E VOUCHER\" \/><span class=\"lqd-overlay\"><\/span><\/figure>\t\t\t\t\t\t\t<span class=\"lqd-overlay liquid-overlay-link\"><\/span>\n\t\t\t\t\t\t<\/div>\n\t\t\t\t\t<\/div>\n\n\t\t\t\t\t<div class=\"lqd-af-slide__content w-100 pos-rel z-index-5\">\n\t\t\t\t\t\t<h2 class=\"lqd-af-slide__title d-flex flex-wrap pos-rel\" data-split-text=\"true\" data-split-options='{ \"type\": \"lines\" }'>E VOUCHER<\/h2><p class=\"lqd-af-slide__desc pos-rel\" data-split-text=\"true\" data-split-options='{ \"type\": \"lines\" }'>Are you an NGO? Tired of handing out paper vouchers to your beneficiaries? Opt for our innovative platform. <\/p>\t\t\t\t\t\t<div class=\"lqd-af-slide__link\">\n\t\t\t\t\t\t\t\t\t\t<a href=\"https:\/\/arabiriis.com\/en\/portfolio\/e-voucher\/\" class=\"btn btn-naked\">\n\t\t\t\t<span>\n\t\t\t\t\t<span class=\"btn-txt\">DISCOVER THIS PRODUCT<\/span>\n\t\t\t\t\t<span class=\"btn-icon\">\n\t\t\t\t\t\t<svg xmlns=\"http:\/\/www.w3.org\/2000\/svg\" width=\"32\" height=\"32\" viewbox=\"0 0 32 32\" style=\"height: 1em;\"><path fill=\"currentColor\" d=\"M17.806 25.788l8.631-8.375c.375-.363.563-.857.563-1.4v-.025c0-.544-.188-1.038-.563-1.4l-8.63-8.375c-.75-.782-1.957-.782-2.7 0s-.745 2.043 0 2.825L20.293 14H6.919C5.856 14 5 14.894 5 16c0 1.125.856 2 1.912 2h13.375L15.1 22.963a2.067 2.067 0 0 0 0 2.824c.75.782 1.956.782 2.706 0z\"><\/path><\/svg>\n\t\t\t\t\t<\/span>\n\t\t\t\t<\/span>\n\t\t\t<\/a>\n\t\t\t\t\t\t\t\t<\/div>\n\t\t\t\t\t\t<!-- for custom cursor arrow -->\n\t\t\t\t\t\t\t\t\t\t\t\t\t<a href=\"https:\/\/arabiriis.com\/en\/portfolio\/e-voucher\/\" class=\"lqd-overlay z-index-5\"><\/a>\n\t\t\t\t\t\t\t\t\t\t\t<\/div>\n\n\t\t\t\t\t\t\t\t\t\t\t<a href=\"https:\/\/arabiriis.com\/en\/portfolio\/e-voucher\/\" class=\"lqd-overlay z-index-4\"><\/a>\n\t\t\t\t\t\t\t\t\t\t\n\t\t\t\t<\/div>\n\t\t\t\t\n\t\t\t\t\t\t\t<\/div>\n\t\t\t\n\t\t\t<nav class=\"lqd-af-slidenav d-inline-flex pos-abs z-index-5 text-center\">\n\t\t\t\t<button class=\"lqd-af-slidenav__item lqd-af-slidenav__item--prev d-inline-flex align-items-center justify-content-center pos-rel\">\n\t\t\t\t\t<svg xmlns=\"http:\/\/www.w3.org\/2000\/svg\" width=\"21\" height=\"32\" viewbox=\"0 0 21 32\" style=\"width: 1em; height: 1em;\"><path d=\"M10.5 18.375l7.938-7.938c.562-.562 1.562-.562 2.125 0s.562 1.563 0 2.126l-9 9c-.563.562-1.5.625-2.063.062L.437 12.562C.126 12.25 0 11.876 0 11.5s.125-.75.438-1.063c.562-.562 1.562-.562 2.124 0z\" fill=\"currentColor\"><\/path><\/svg>\n\t\t\t\t<\/button>\n\t\t\t\t<button class=\"lqd-af-slidenav__item lqd-af-slidenav__item--next d-inline-flex align-items-center justify-content-center pos-rel\">\n\t\t\t\t\t<svg xmlns=\"http:\/\/www.w3.org\/2000\/svg\" width=\"21\" height=\"32\" viewbox=\"0 0 21 32\" style=\"width: 1em; height: 1em;\"><path d=\"M10.5 13.625l-7.938 7.938c-.562.562-1.562.562-2.124 0C.124 21.25 0 20.875 0 20.5s.125-.75.438-1.063L9.5 10.376c.563-.563 1.5-.5 2.063.063l9 9c.562.562.562 1.562 0 2.125s-1.563.562-2.125 0z\" fill=\"currentColor\"><\/path><\/svg>\n\t\t\t\t<\/button>\n\t\t\t<\/nav>\n\n\t\t\t<div class=\"lqd-af-slidenum pos-abs\">\n\t\t\t\t<span class=\"lqd-af-slidenum__line lqd-af-slidenum__line--before d-inline-flex align-items-center\"><\/span>\n\t\t\t\t<div class=\"lqd-af-slidenum__nums d-flex align-items-center\">\n\t\t\t\t\t<span class=\"lqd-af-slidenum__current d-inline-flex align-items-center pos-rel overflow-hidden\">\n\t\t\t\t\t\t<span class=\"pos-abs pos-tl\">\n\t\t\t\t\t\t\t\t\t\t\t\t\t\t\t<span class=\"d-flex align-items-center justify-content-center\">1<\/span>\n\t\t\t\t\t\t\t\t\t\t\t\t\t\t\t<span class=\"d-flex align-items-center justify-content-center\">2<\/span>\n\t\t\t\t\t\t\t\t\t\t\t\t\t\t\t<span class=\"d-flex align-items-center justify-content-center\">3<\/span>\n\t\t\t\t\t\t\t\t\t\t\t\t\t\t\t<span class=\"d-flex align-items-center justify-content-center\">4<\/span>\n\t\t\t\t\t\t\t\t\t\t\t\t\t<\/span>\n\t\t\t\t\t<\/span>\n\t\t\t\t\t<span class=\"lqd-af-slidenum__total\">4<\/span>\n\t\t\t\t<\/div>\n\t\t\t\t<span class=\"lqd-af-slidenum__line lqd-af-slidenum__line--after d-inline-flex align-items-center\"><\/span>\n\t\t\t<\/div>\n\n\t\t<\/div>\n\n\t\t\t\t<\/div>\n\t\t\t\t<\/div>\n\t\t\t\t\t<\/div>\n\t\t<\/div>\n\t\t\t\t\t\t\t<\/div>\n\t\t<\/section>\n\t\t\t\t\t\t\t<\/div>","protected":false},"excerpt":{"rendered":"<p>SMS Diffusez et recevez des SMS au Mali et en Afrique gr\u00e2ce \u00e0 notre plateforme connect\u00e9e directement aux operateurs. D\u00e9couvrir ce service AIRTIME TOP acheter pour vous m\u00eame ou envoyer du credit t\u00e9l\u00e9phonique (Tout operateur au mali) \u00e0 vos familles , proches et employ\u00e9s gr\u00e2ce \u00e0 notre plateforme innovante pour vous \u00e0 des taux des [&hellip;]<\/p>","protected":false},"author":1,"featured_media":0,"parent":0,"menu_order":0,"comment_status":"closed","ping_status":"closed","template":"","meta":{"footnotes":""},"class_list":["post-10","page","type-page","status-publish","hentry"],"_links":{"self":[{"href":"https:\/\/arabiriis.com\/en\/wp-json\/wp\/v2\/pages\/10","targetHints":{"allow":["GET"]}}],"collection":[{"href":"https:\/\/arabiriis.com\/en\/wp-json\/wp\/v2\/pages"}],"about":[{"href":"https:\/\/arabiriis.com\/en\/wp-json\/wp\/v2\/types\/page"}],"author":[{"embeddable":true,"href":"https:\/\/arabiriis.com\/en\/wp-json\/wp\/v2\/users\/1"}],"replies":[{"embeddable":true,"href":"https:\/\/arabiriis.com\/en\/wp-json\/wp\/v2\/comments?post=10"}],"version-history":[{"count":46,"href":"https:\/\/arabiriis.com\/en\/wp-json\/wp\/v2\/pages\/10\/revisions"}],"predecessor-version":[{"id":4259,"href":"https:\/\/arabiriis.com\/en\/wp-json\/wp\/v2\/pages\/10\/revisions\/4259"}],"wp:attachment":[{"href":"https:\/\/arabiriis.com\/en\/wp-json\/wp\/v2\/media?parent=10"}],"curies":[{"name":"wp","href":"https:\/\/api.w.org\/{rel}","templated":true}]}}